{"id":9,"date":"2009-05-25T11:29:27","date_gmt":"2009-05-25T11:29:27","guid":{"rendered":"http:\/\/iwwaustria.wordpress.com\/?page_id=9"},"modified":"2009-05-25T11:29:27","modified_gmt":"2009-05-25T11:29:27","slug":"mitglied-werden-2","status":"publish","type":"page","link":"https:\/\/www.iww.or.at\/en\/mitglied-werden-2\/","title":{"rendered":"Mitglied werden!"},"content":{"rendered":"<p><img decoding=\"async\" loading=\"lazy\" class=\"alignleft size-full wp-image-122\" title=\"organize\" src=\"http:\/\/iwwaustria.files.wordpress.com\/2009\/05\/organize.jpg\" alt=\"organize\" width=\"175\" height=\"289\" \/><\/p>\n<p>Wir sind offen f\u00fcr ArbeiterInnen aller Berufsgruppen, sowie f\u00fcr Erwerbslose, Lehrlinge, JobberInnen, RenterInnen etc.  Allerdings solltest Du Dich vor einem Beitritt damit besch\u00e4ftigen, was unsere Grunds\u00e4tze sind und wie unsere Organisation funktioniert. Die IWW lebt durch Gleichberechtigung, Basisdemokratie, ehrenamtliches Engagement und Selbstorganisation.  Auf folgender Internet-Seite findest Du, wof\u00fcr wir stehen: <a href=\"http:\/\/www.wobblies.de\/?page_id=5\" target=\"_blank\" rel=\"noopener noreferrer\">die Pr\u00e4ambel der IWW-Statuten<\/a>.<\/p>\n<p>Die IWW-Grunds\u00e4tze + Gesch\u00e4ftsordung findest du <a href=\"http:\/\/www.wobblies.de\/?page_id=6\" target=\"_blank\" rel=\"noopener noreferrer\">hier<\/a>. Wir betrachten diese Texte als verbindliche Grundlage unserer zuk\u00fcnftigen Zusammenarbeit.<\/p>\n<p>Stimmst du unseren Grunds\u00e4tzen zu, kannst du hier beitreten:<\/p>\n<p>&#8211;   Am einfachsten per E-mail an die IWW GMB \u00d6sterreich (iwwaustria(at)gmail.com)<\/p>\n<p>&#8211;   online (klick <a href=\"http:\/\/www.wobblies.de\/?page_id=6\" target=\"_blank\" rel=\"noopener noreferrer\">hier<\/a>)<\/p>\n<p>&#8211;   oder du schickst die ausgef\u00fcllte IWW-Beitrittserkl\u00e4rung  per Post an folgende Adresse:<\/p>\n<p><em>Industrial Workers of the World (IWW) Postfach 90 02 15 60442 Frankfurt am Main Germany<\/em><\/p>\n<p>Wir erheben einen monatlichen Beitrag zwischen 6,- und 18,- Euro. Leute mit wenig Geld zahlen 3,- Euro. Entscheide selbst, wieviel Du beisteuern kannst. Als einmalige Aufnahmegeb\u00fchr entrichtest Du einen weiteren Monatsbeitrag.  Nachdem Dein Beitrittsformular eingegangen ist, teilen wir Dir mit, wie Du Deine Beitr\u00e4ge einzahlen kannst. In Deinem Mitgliedsbetrag ist der Bezug der englischsprachigen IWW Zeitung \u201cIndustrial Worker\u201d (10 x j\u00e4hrlich) enthalten. Wir wollen in Zukunft au\u00dferdem ein halbj\u00e4hrlich erscheinendes Bulletin in deutscher Sprache an alle Mitglieder versenden.<\/p>\n","protected":false},"excerpt":{"rendered":"<p>Wir sind offen f\u00fcr ArbeiterInnen aller Berufsgruppen, sowie f\u00fcr Erwerbslose, Lehrlinge, JobberInnen, RenterInnen etc. Allerdings solltest Du Dich vor einem Beitritt damit besch\u00e4ftigen, was unsere Grunds\u00e4tze sind und wie unsere [&hellip;]<\/p>\n","protected":false},"author":1,"featured_media":0,"parent":0,"menu_order":0,"comment_status":"closed","ping_status":"open","template":"","meta":[],"_links":{"self":[{"href":"https:\/\/www.iww.or.at\/en\/wp-json\/wp\/v2\/pages\/9"}],"collection":[{"href":"https:\/\/www.iww.or.at\/en\/wp-json\/wp\/v2\/pages"}],"about":[{"href":"https:\/\/www.iww.or.at\/en\/wp-json\/wp\/v2\/types\/page"}],"author":[{"embeddable":true,"href":"https:\/\/www.iww.or.at\/en\/wp-json\/wp\/v2\/users\/1"}],"replies":[{"embeddable":true,"href":"https:\/\/www.iww.or.at\/en\/wp-json\/wp\/v2\/comments?post=9"}],"version-history":[{"count":0,"href":"https:\/\/www.iww.or.at\/en\/wp-json\/wp\/v2\/pages\/9\/revisions"}],"wp:attachment":[{"href":"https:\/\/www.iww.or.at\/en\/wp-json\/wp\/v2\/media?parent=9"}],"curies":[{"name":"wp","href":"https:\/\/api.w.org\/{rel}","templated":true}]}}