{"id":219,"date":"2016-07-18T23:03:50","date_gmt":"2016-07-18T21:03:50","guid":{"rendered":"http:\/\/www.iww.or.at\/?page_id=219"},"modified":"2023-05-30T13:29:24","modified_gmt":"2023-05-30T12:29:24","slug":"bankverbindung","status":"publish","type":"page","link":"https:\/\/www.iww.or.at\/en\/bankverbindung\/","title":{"rendered":"Bankverbindung"},"content":{"rendered":"<p><span style=\"text-decoration: underline;\">Unsere Bankverbindung f\u00fcr Mitgliedsbeitr\u00e4ge und Spenden:<\/span><\/p>\n<p>Name: Gewerkschaft Industrial Workers of the World Wien<\/p>\n<p>IBAN:\u00a0AT184300025619910000<\/p>\n<p>BIC\/SWIFT-Code:\u00a0VBOEATWW<\/p>\n<hr \/>\n<p style=\"text-align: justify;\">Wenn ihr die IWW-Wien finanziell unterst\u00fctzen wollt, k\u00f6nnt ihr nat\u00fcrlich <a href=\"http:\/\/www.iww.or.at\/mitglied-werden\/\">Mitglied werden<\/a>, den durch euren Mitgliedsbeitrag unterst\u00fctzt ihr\u00a0regelm\u00e4\u00dfig die IWW. Falls ihr spenden wollt, k\u00f6nnt ihr gerne eure Spende mit dem Verwendungszweck &#8220;Spende&#8221; \u00fcberweisen.<\/p>\n<p style=\"text-align: justify;\">Falls ihr eure Spende Zweckwidmen wollt, schreibt die Widmung bitte in den Verwendungszweck. Wenn in ihr einfach Spenden wollt, schreibt einfach &#8220;Spende&#8221; in den Verwendungszweck.<\/p>\n<p>Aktuell k\u00f6nnt ihr eure Spenden f\u00fcr folgendes Zweckwidmen:<\/p>\n<ul>\n<li style=\"text-align: justify;\">Streikfonds der IWW Wien (Verwendungszweck: Spende Streikfonds).<\/li>\n<\/ul>\n<ul>\n<li style=\"text-align: justify;\">\u00d6ffentlichkeitsarbeit (Verwendungszweck: Spende \u00d6ffentlichkeitsarbeit).<\/li>\n<\/ul>\n<ul>\n<li style=\"text-align: justify;\">Reisekosten (Verwendungszweck: Spende Reisekosten).<\/li>\n<\/ul>\n<ul>\n<li style=\"text-align: justify;\">Spenden f\u00fcr <a href=\"http:\/\/www.viome.org\/\">Vio.Me<\/a> (selbstverwaltender Betrieb in Griechenland, der Bio-Seifen herstellt. Verwendungszweck: Spende Viome).<\/li>\n<\/ul>\n<p><\/p>","protected":false},"excerpt":{"rendered":"<p>Unsere Bankverbindung f\u00fcr Mitgliedsbeitr\u00e4ge und Spenden: Name: Gewerkschaft Industrial Workers of the World Wien IBAN:\u00a0AT184300025619910000 BIC\/SWIFT-Code:\u00a0VBOEATWW Wenn ihr die IWW-Wien finanziell unterst\u00fctzen wollt, k\u00f6nnt ihr nat\u00fcrlich Mitglied werden, den durch [&hellip;]<\/p>\n","protected":false},"author":1,"featured_media":0,"parent":0,"menu_order":0,"comment_status":"closed","ping_status":"closed","template":"","meta":[],"_links":{"self":[{"href":"https:\/\/www.iww.or.at\/en\/wp-json\/wp\/v2\/pages\/219"}],"collection":[{"href":"https:\/\/www.iww.or.at\/en\/wp-json\/wp\/v2\/pages"}],"about":[{"href":"https:\/\/www.iww.or.at\/en\/wp-json\/wp\/v2\/types\/page"}],"author":[{"embeddable":true,"href":"https:\/\/www.iww.or.at\/en\/wp-json\/wp\/v2\/users\/1"}],"replies":[{"embeddable":true,"href":"https:\/\/www.iww.or.at\/en\/wp-json\/wp\/v2\/comments?post=219"}],"version-history":[{"count":14,"href":"https:\/\/www.iww.or.at\/en\/wp-json\/wp\/v2\/pages\/219\/revisions"}],"predecessor-version":[{"id":9274,"href":"https:\/\/www.iww.or.at\/en\/wp-json\/wp\/v2\/pages\/219\/revisions\/9274"}],"wp:attachment":[{"href":"https:\/\/www.iww.or.at\/en\/wp-json\/wp\/v2\/media?parent=219"}],"curies":[{"name":"wp","href":"https:\/\/api.w.org\/{rel}","templated":true}]}}