{"id":2118,"date":"2009-10-23T17:27:22","date_gmt":"2009-10-23T15:27:22","guid":{"rendered":"http:\/\/iwwaustria.wordpress.com\/?page_id=205"},"modified":"2009-10-23T17:27:22","modified_gmt":"2009-10-23T15:27:22","slug":"impressum-und-haftung","status":"publish","type":"page","link":"https:\/\/www.iww.or.at\/en\/impressum-und-haftung\/","title":{"rendered":"Impressum und Haftung"},"content":{"rendered":"<div>\n<div>\n<p><strong>Impressum:<\/strong><\/p>\n<p>F\u00fcr den Inhalt verantwortlich ist die<em> IWW-Regionalgruppe \u00d6sterreich<\/em> (Teil des &#8220;<em>Regionalen Organisationskomitees der IWW im deutschsprachigen Raum<\/em>&#8221; [GLAMROC])<\/p>\n<p>Kontakt: iwwaustria(at)gmail.com<\/p>\n<p><strong>Rechtshinweis:<\/strong><\/p>\n<p>Wir pr\u00fcfen und aktualisieren die Informationen auf dieser Webseite st\u00e4ndig. Trotz aller Sorgfalt k\u00f6nnen sich die Daten inzwischen ver\u00e4ndert haben. Eine Haftung oder Garantie f\u00fcr die Aktualit\u00e4t, Richtigkeit und Vollst\u00e4ndigkeit der zur Verf\u00fcgung gestellten Informationen kann daher nicht \u00fcbernommen werden. Gleiches gilt auch f\u00fcr alle anderen Websites, auf die mittels Hyperlink verwiesen wird. Das Herstellen von Verbindungen zu derartigen Websites erfolgt auf eigene Gefahr. Wir sind f\u00fcr den Inhalt der Websites, die aufgrund einer solchen Verbindung erreicht werden, nicht verantwortlich. Des weiteren behalten wir uns das Recht vor, \u00c4nderungen oder Erg\u00e4nzungen der bereitgestellten Informationen vorzunehmen.<\/p>\n<\/div>\n<\/div>\n","protected":false},"excerpt":{"rendered":"<p>Impressum: F\u00fcr den Inhalt verantwortlich ist die IWW-Regionalgruppe \u00d6sterreich (Teil des &#8220;Regionalen Organisationskomitees der IWW im deutschsprachigen Raum&#8221; [GLAMROC]) Kontakt: iwwaustria(at)gmail.com Rechtshinweis: Wir pr\u00fcfen und aktualisieren die Informationen auf dieser [&hellip;]<\/p>\n","protected":false},"author":1,"featured_media":0,"parent":0,"menu_order":0,"comment_status":"open","ping_status":"open","template":"","meta":[],"_links":{"self":[{"href":"https:\/\/www.iww.or.at\/en\/wp-json\/wp\/v2\/pages\/2118"}],"collection":[{"href":"https:\/\/www.iww.or.at\/en\/wp-json\/wp\/v2\/pages"}],"about":[{"href":"https:\/\/www.iww.or.at\/en\/wp-json\/wp\/v2\/types\/page"}],"author":[{"embeddable":true,"href":"https:\/\/www.iww.or.at\/en\/wp-json\/wp\/v2\/users\/1"}],"replies":[{"embeddable":true,"href":"https:\/\/www.iww.or.at\/en\/wp-json\/wp\/v2\/comments?post=2118"}],"version-history":[{"count":0,"href":"https:\/\/www.iww.or.at\/en\/wp-json\/wp\/v2\/pages\/2118\/revisions"}],"wp:attachment":[{"href":"https:\/\/www.iww.or.at\/en\/wp-json\/wp\/v2\/media?parent=2118"}],"curies":[{"name":"wp","href":"https:\/\/api.w.org\/{rel}","templated":true}]}}