{"id":2,"date":"2016-05-16T15:01:43","date_gmt":"2016-05-16T15:01:43","guid":{"rendered":"http:\/\/www.iww.or.at\/?page_id=2"},"modified":"2017-02-01T08:58:15","modified_gmt":"2017-02-01T07:58:15","slug":"about","status":"publish","type":"page","link":"https:\/\/www.iww.or.at\/en\/about\/","title":{"rendered":"\u00dcber uns"},"content":{"rendered":"<p style=\"text-align: justify;\">Die <em>Industrial Workers of the World<\/em> (IWW) ist eine Gewerkschaft f\u00fcr alle Arbeiter*innen auf der ganzen Welt. Sie wird von ihren Mitgliedern direkt geleitet und hat sich zum Ziel gesetzt, einzelne Arbeitsst\u00e4tten, ganze Industriezweige und das Gemeinwesen im Sinne aller direkt oder indirekten Lohnabh\u00e4ngigen zu organisieren. <a href=\"http:\/\/www.iww.or.at\/wp-content\/uploads\/2016\/05\/12391298_914001572016481_3039697842202500043_n.jpg\"><img decoding=\"async\" loading=\"lazy\" class=\" wp-image-20 alignright\" src=\"http:\/\/www.iww.or.at\/wp-content\/uploads\/2016\/05\/12391298_914001572016481_3039697842202500043_n-257x300.jpg\" alt=\"12391298_914001572016481_3039697842202500043_n\" width=\"154\" height=\"180\" srcset=\"https:\/\/www.iww.or.at\/wp-content\/uploads\/2016\/05\/12391298_914001572016481_3039697842202500043_n-257x300.jpg 257w, https:\/\/www.iww.or.at\/wp-content\/uploads\/2016\/05\/12391298_914001572016481_3039697842202500043_n.jpg 741w\" sizes=\"(max-width: 154px) 100vw, 154px\" \/><\/a><\/p>\n<p style=\"text-align: justify;\">Das hei\u00dft, wir organisieren alle Arbeiter*innen, welche an der Produktion der gleichen G\u00fcter oder an der Erbringung der gleichen Art von Dienstleistung beteiligt sind, anstatt sie in Berufsgruppen zu trennen. Dadurch wollen wir gr\u00f6\u00dfere Kr\u00e4fte mobilisieren, um unsere Interessen durchzusetzen, im Gegensatz zum vereinzelten\u00a0 Kampf einzelner Berufssparten.<\/p>\n<p style=\"text-align: justify;\">Seit die IWW im Jahr 1905 gegr\u00fcndet wurde, haben wir uns in die weltweiten Arbeitsk\u00e4mpfe eingebracht. Wir sind stolz auf unsere Tradition, Arbeiter*innen \u00fcber Gender- und Kulturgrenzen hinweg zu organisieren \u2013 eine Tradition, die begonnen hat, lange bevor solches Denken zum Gemeingut wurde.<\/p>\n<p style=\"text-align: justify;\">Wir sind eine Gewerkschaft, die auf dem kreativen und unb\u00fcrokratischen Organisieren mit besten lokalen, \u00fcberregionalen und internationalen Kontakten aufbaut, um unsere Interessen durchzusetzen, sei es bei deinem\/deiner Vermieter*in, Beh\u00f6rden, Arbeitsplatz, Schule, Universit\u00e4t, etc.<\/p>\n<p style=\"text-align: justify;\">Die IWW ist demokratisch organisiert. Die Mitglieder entscheiden, welche Anliegen verfolgt und welche Methoden dabei angewandt werden. Alle Mandatstr\u00e4ger*innen werden direkt gew\u00e4hlt und m\u00fcssen den Mitgliedern gegen\u00fcber Rechenschaft ablegen.<\/p>\n<p style=\"text-align: justify;\">Noch Fragen? Hier geht es zum <a href=\"http:\/\/www.iww.or.at\/f-a-q\/\">FAQ <\/a>bzw. <a href=\"http:\/\/www.iww.or.at\/f-a-q\/f-a-q-oesterreich\/\">FAQ-\u00d6sterreich<\/a> oder schreib uns einfach ein E-Mail oder kontaktiert direkt unsere Fellow Worker in den verschiedenen Berufsbranchen. Kontakte findet ihr <a href=\"http:\/\/www.iww.or.at\/kontakt\/\">hier<\/a>.<\/p>\n","protected":false},"excerpt":{"rendered":"<p>Die Industrial Workers of the World (IWW) ist eine Gewerkschaft f\u00fcr alle Arbeiter*innen auf der ganzen Welt. Sie wird von ihren Mitgliedern direkt geleitet und hat sich zum Ziel gesetzt, [&hellip;]<\/p>\n","protected":false},"author":1,"featured_media":0,"parent":0,"menu_order":1,"comment_status":"open","ping_status":"open","template":"","meta":[],"_links":{"self":[{"href":"https:\/\/www.iww.or.at\/en\/wp-json\/wp\/v2\/pages\/2"}],"collection":[{"href":"https:\/\/www.iww.or.at\/en\/wp-json\/wp\/v2\/pages"}],"about":[{"href":"https:\/\/www.iww.or.at\/en\/wp-json\/wp\/v2\/types\/page"}],"author":[{"embeddable":true,"href":"https:\/\/www.iww.or.at\/en\/wp-json\/wp\/v2\/users\/1"}],"replies":[{"embeddable":true,"href":"https:\/\/www.iww.or.at\/en\/wp-json\/wp\/v2\/comments?post=2"}],"version-history":[{"count":12,"href":"https:\/\/www.iww.or.at\/en\/wp-json\/wp\/v2\/pages\/2\/revisions"}],"predecessor-version":[{"id":401,"href":"https:\/\/www.iww.or.at\/en\/wp-json\/wp\/v2\/pages\/2\/revisions\/401"}],"wp:attachment":[{"href":"https:\/\/www.iww.or.at\/en\/wp-json\/wp\/v2\/media?parent=2"}],"curies":[{"name":"wp","href":"https:\/\/api.w.org\/{rel}","templated":true}]}}